{"id":360,"date":"2026-02-11T15:36:55","date_gmt":"2026-02-11T14:36:55","guid":{"rendered":"https:\/\/esfericapruebas.site\/?page_id=360"},"modified":"2026-02-11T16:52:23","modified_gmt":"2026-02-11T15:52:23","slug":"fiscalidad","status":"publish","type":"page","link":"https:\/\/esfericapruebas.site\/index.php\/fiscalidad\/","title":{"rendered":"Fiscal"},"content":{"rendered":"\n<div class=\"wp-block-cover alignfull\" style=\"box-shadow:var(--wp--preset--shadow--natural);min-height:321px;aspect-ratio:unset;\"><img loading=\"lazy\" decoding=\"async\" width=\"1536\" height=\"1024\" class=\"wp-block-cover__image-background wp-image-371 size-full\" alt=\"\" src=\"https:\/\/esfericapruebas.site\/wp-content\/uploads\/2026\/02\/ChatGPT-Image-Feb-11-2026-03_46_52-PM-1.png\" style=\"object-position:15% 88%\" data-object-fit=\"cover\" data-object-position=\"15% 88%\" srcset=\"https:\/\/esfericapruebas.site\/wp-content\/uploads\/2026\/02\/ChatGPT-Image-Feb-11-2026-03_46_52-PM-1.png 1536w, https:\/\/esfericapruebas.site\/wp-content\/uploads\/2026\/02\/ChatGPT-Image-Feb-11-2026-03_46_52-PM-1-300x200.png 300w, https:\/\/esfericapruebas.site\/wp-content\/uploads\/2026\/02\/ChatGPT-Image-Feb-11-2026-03_46_52-PM-1-1024x683.png 1024w, https:\/\/esfericapruebas.site\/wp-content\/uploads\/2026\/02\/ChatGPT-Image-Feb-11-2026-03_46_52-PM-1-768x512.png 768w\" sizes=\"auto, (max-width: 1536px) 100vw, 1536px\" \/><span aria-hidden=\"true\" class=\"wp-block-cover__background has-ast-global-color-8-background-color has-background-dim-70 has-background-dim\"><\/span><div class=\"wp-block-cover__inner-container is-layout-constrained wp-block-cover-is-layout-constrained\">\n<hr class=\"wp-block-separator has-text-color has-alpha-channel-opacity has-background\" style=\"background-color:#ffffff00;color:#ffffff00\"\/>\n\n\n\n<p class=\"has-text-align-center has-ast-global-color-5-color has-text-color has-link-color wp-elements-b4660599fde2fccc2096bfbe60b6b09e\" style=\"font-size:27px\">Fiscal<\/p>\n<\/div><\/div>\n\n\n\n<hr class=\"wp-block-separator has-text-color has-ast-global-color-5-color has-alpha-channel-opacity has-ast-global-color-5-background-color has-background\"\/>\n\n\n\n<p class=\"has-text-align-center has-ast-global-color-2-color has-text-color has-link-color wp-elements-0878faab7aa18e08dab9bb618e9ca597\">El despacho presta asesoramiento fiscal continuado a empresas y particulares, analizando cada situaci\u00f3n desde una perspectiva t\u00e9cnica y estrat\u00e9gica, con el objetivo de optimizar la carga tributaria dentro del marco legal vigente y anticipar riesgos en operaciones de especial relevancia.<\/p>\n\n\n\n<hr class=\"wp-block-separator has-text-color has-ast-global-color-5-color has-alpha-channel-opacity has-ast-global-color-5-background-color has-background\"\/>\n\n\n\n<hr class=\"wp-block-separator has-text-color has-ast-global-color-5-color has-alpha-channel-opacity has-ast-global-color-5-background-color has-background\"\/>\n\n\n\n<div class=\"wp-block-cover alignfull\" style=\"min-height:133px;aspect-ratio:unset;\"><span aria-hidden=\"true\" class=\"wp-block-cover__background has-ast-global-color-0-background-color has-background-dim-100 has-background-dim\"><\/span><div class=\"wp-block-cover__inner-container is-layout-constrained wp-block-cover-is-layout-constrained\">\n<h4 class=\"wp-block-heading has-text-align-center has-ast-global-color-5-color has-text-color has-link-color wp-elements-9041dc505dfc960c6f61875508d050ac\"><strong>Nuestras \u00e1reas de trabajo<\/strong><\/h4>\n<\/div><\/div>\n\n\n\n<section class=\"linea-scroll\">\n\n  <div class=\"linea-container\">\n\n    <div class=\"linea-header\">\n     <p>\n        Asesoramiento tributario continuado a empresas y particulares,\n        orientado al cumplimiento normativo y a la optimizaci\u00f3n fiscal\n        dentro del marco legal vigente.\n      <\/p>\n    <\/div>\n\n    <div class=\"linea-timeline\">\n\n      <div class=\"linea-line\"><\/div>\n\n      <div class=\"linea-item\">\n        <div class=\"linea-dot\"><\/div>\n        <div class=\"linea-content\">\n          <h3>Asesoramiento Fiscal Continuado<\/h3>\n          <p>\n            Prestamos asistencia permanente en el cumplimiento de obligaciones tributarias,\n            incluyendo preparaci\u00f3n y revisi\u00f3n de declaraciones fiscales,\n            planificaci\u00f3n fiscal ordinaria y acompa\u00f1amiento en procedimientos\n            de comprobaci\u00f3n o inspecci\u00f3n tributaria.\n          <\/p>\n        <\/div>\n      <\/div>\n\n      <div class=\"linea-item\">\n        <div class=\"linea-dot\"><\/div>\n        <div class=\"linea-content\">\n          <h3>Fiscalidad de Operaciones<\/h3>\n          <p>\n            Analizamos la fiscalidad de operaciones de compraventa de activos,\n            transmisi\u00f3n de empresas y reorganizaciones societarias,\n            evaluando el impacto tributario y dise\u00f1ando la estructura m\u00e1s eficiente\n            desde el punto de vista fiscal.\n          <\/p>\n        <\/div>\n      <\/div>\n\n      <div class=\"linea-item\">\n        <div class=\"linea-dot\"><\/div>\n        <div class=\"linea-content\">\n          <h3>Incentivos y Beneficios Fiscales<\/h3>\n          <p>\n            Asesoramos en la aplicaci\u00f3n de incentivos fiscales y beneficios tributarios,\n            identificando oportunidades legales de optimizaci\u00f3n fiscal\n            adaptadas a cada situaci\u00f3n empresarial o patrimonial.\n          <\/p>\n        <\/div>\n      <\/div>\n\n    <\/div>\n\n  <\/div>\n\n<\/section>\n\n\n\n<div class=\"wp-block-cover alignfull\"><span aria-hidden=\"true\" class=\"wp-block-cover__background has-ast-global-color-7-background-color has-background-dim-100 has-background-dim\"><\/span><div class=\"wp-block-cover__inner-container is-layout-constrained wp-block-cover-is-layout-constrained\">\n<h4 class=\"wp-block-heading has-text-align-center has-ast-global-color-0-color has-text-color has-link-color wp-elements-2bddf92ff6a50cff93d15a3fc8d7d5f8\" style=\"font-size:30px\">Asesoramiento directo y personalizado<\/h4>\n\n\n\n<hr class=\"wp-block-separator has-text-color has-alpha-channel-opacity has-background\" style=\"background-color:#ededf200;color:#ededf200\"\/>\n\n\n\n<hr class=\"wp-block-separator has-text-color has-alpha-channel-opacity has-background\" style=\"background-color:#ffffff00;color:#ffffff00\"\/>\n\n\n\n<div class=\"wp-block-columns is-layout-flex wp-container-core-columns-is-layout-28f84493 wp-block-columns-is-layout-flex\">\n<div class=\"wp-block-column is-vertically-aligned-center is-layout-flow wp-block-column-is-layout-flow\">\n<figure class=\"wp-block-image alignleft size-large is-resized is-style-rounded\"><img loading=\"lazy\" decoding=\"async\" width=\"1024\" height=\"1024\" src=\"https:\/\/esfericapruebas.site\/wp-content\/uploads\/2026\/02\/1-1-1024x1024.png\" alt=\"\" class=\"wp-image-145\" style=\"width:397px;height:auto\" srcset=\"https:\/\/esfericapruebas.site\/wp-content\/uploads\/2026\/02\/1-1-1024x1024.png 1024w, https:\/\/esfericapruebas.site\/wp-content\/uploads\/2026\/02\/1-1-300x300.png 300w, https:\/\/esfericapruebas.site\/wp-content\/uploads\/2026\/02\/1-1-150x150.png 150w, https:\/\/esfericapruebas.site\/wp-content\/uploads\/2026\/02\/1-1-768x768.png 768w, https:\/\/esfericapruebas.site\/wp-content\/uploads\/2026\/02\/1-1.png 1080w\" sizes=\"auto, (max-width: 1024px) 100vw, 1024px\" \/><\/figure>\n<\/div>\n\n\n\n<div class=\"wp-block-column is-layout-flow wp-block-column-is-layout-flow\">\n<p class=\"has-ast-global-color-0-color has-text-color has-link-color wp-elements-916dbfc0766d0df304b6331f9b5b59fc\">El \u00e1rea de Derecho Fiscal est\u00e1 dirigida por Carlos [Apellido], quien asume personalmente la planificaci\u00f3n y supervisi\u00f3n de cada asunto tributario, garantizando un an\u00e1lisis individualizado y alineado con los objetivos empresariales o patrimoniales del cliente.<\/p>\n\n\n\n<p class=\"has-ast-global-color-0-color has-text-color has-link-color wp-elements-aaf394ead7f9e7f0324a97fceb6e0bd9\">Su enfoque combina rigor t\u00e9cnico, actualizaci\u00f3n constante en normativa tributaria y visi\u00f3n estrat\u00e9gica en la estructuraci\u00f3n de operaciones, asegurando no solo el cumplimiento de obligaciones fiscales, sino tambi\u00e9n la eficiencia y previsi\u00f3n a largo plazo.<\/p>\n\n\n\n<p class=\"has-ast-global-color-0-color has-text-color has-link-color wp-elements-0d1c354d349d215236c6102202c1fc5b\">La direcci\u00f3n directa del \u00e1rea permite ofrecer un asesoramiento claro, fundamentado y adaptado a cada realidad econ\u00f3mica.<\/p>\n<\/div>\n<\/div>\n<\/div><\/div>\n\n\n\n<div class=\"wp-block-cover alignfull\" style=\"box-shadow:var(--wp--preset--shadow--natural)\"><span aria-hidden=\"true\" class=\"wp-block-cover__background has-ast-global-color-0-background-color has-background-dim-100 has-background-dim\"><\/span><div class=\"wp-block-cover__inner-container is-layout-constrained wp-block-cover-is-layout-constrained\">\n<h2 class=\"wp-block-heading has-text-align-center has-ast-global-color-5-color has-text-color has-link-color wp-elements-fcb1af9fa708ab7a7ed3f241850e0509\" style=\"margin-top:-25px;margin-bottom:-25px;font-size:30px\">\u00bfNecesitas m\u00e1s informaci\u00f3n?<\/h2>\n\n\n\n<p class=\"has-text-align-center has-ast-global-color-5-color has-text-color has-link-color wp-elements-46ec7daa7e4a15fdfd17db62ce781670\" style=\"font-size:25px\">Contacta con nosotros<\/p>\n\n\n<div class='fluentform ff-default fluentform_wrapper_1 ffs_default_wrap'><form data-form_id=\"1\" id=\"fluentform_1\" class=\"frm-fluent-form fluent_form_1 ff-el-form-top ff_form_instance_1_1 ff-form-loading ffs_default\" data-form_instance=\"ff_form_instance_1_1\" method=\"POST\" ><fieldset  style=\"border: none!important;margin: 0!important;padding: 0!important;background-color: transparent!important;box-shadow: none!important;outline: none!important; min-inline-size: 100%;\">\n                    <legend class=\"ff_screen_reader_title\" style=\"display: block; margin: 0!important;padding: 0!important;height: 0!important;text-indent: -999999px;width: 0!important;overflow:hidden;\">Contact Form Demo<\/legend><input type='hidden' name='__fluent_form_embded_post_id' value='360' \/><input type=\"hidden\" id=\"_fluentform_1_fluentformnonce\" name=\"_fluentform_1_fluentformnonce\" value=\"8f100cd969\" \/><input type=\"hidden\" name=\"_wp_http_referer\" value=\"\/index.php\/wp-json\/wp\/v2\/pages\/360\" \/><div data-type=\"name-element\" data-name=\"names\" class=\" ff-field_container ff-name-field-wrapper\" ><div class='ff-t-container'><div class='ff-t-cell '><div class='ff-el-group'><div class='ff-el-input--content'><input type=\"text\" name=\"names[first_name]\" id=\"ff_1_names_first_name_\" class=\"ff-el-form-control\" placeholder=\"Nombre\" aria-invalid=\"false\" aria-required=true><\/div><\/div><\/div><div class='ff-t-cell '><div class='ff-el-group'><div class='ff-el-input--content'><input type=\"text\" name=\"names[last_name]\" id=\"ff_1_names_last_name_\" class=\"ff-el-form-control\" placeholder=\"Apellido\" aria-invalid=\"false\" aria-required=true><\/div><\/div><\/div><\/div><\/div><div class='ff-el-group'><div class='ff-el-input--content'><input type=\"email\" name=\"email\" id=\"ff_1_email\" class=\"ff-el-form-control\" placeholder=\"Tu email\" data-name=\"email\"  aria-invalid=\"false\" aria-required=true><\/div><\/div><div class='ff-el-group'><div class='ff-el-input--content'><textarea aria-required=\"true\" aria-labelledby=\"label_ff_1_message\" name=\"message\" id=\"ff_1_message\" class=\"ff-el-form-control\" placeholder=\"Tu mensaje\" rows=\"4\" cols=\"2\" data-name=\"message\" ><\/textarea><\/div><\/div><div class='ff-el-group ff-text-left ff_submit_btn_wrapper'><button type=\"submit\" class=\"ff-btn ff-btn-submit ff-btn-md ff_btn_style wpf_has_custom_css\"  aria-label=\"Env\u00edar\">Env\u00edar<\/button><\/div><\/fieldset><\/form><div id='fluentform_1_errors' class='ff-errors-in-stack ff_form_instance_1_1 ff-form-loading_errors ff_form_instance_1_1_errors'><\/div><\/div>            <script type=\"text\/javascript\">\n                window.fluent_form_ff_form_instance_1_1 = {\"id\":\"1\",\"settings\":{\"layout\":{\"labelPlacement\":\"top\",\"helpMessagePlacement\":\"with_label\",\"errorMessagePlacement\":\"inline\",\"cssClassName\":\"\",\"asteriskPlacement\":\"asterisk-right\"},\"restrictions\":{\"denyEmptySubmission\":{\"enabled\":false}}},\"form_instance\":\"ff_form_instance_1_1\",\"form_id_selector\":\"fluentform_1\",\"rules\":{\"names[first_name]\":{\"required\":{\"value\":true,\"message\":\"This field is required\",\"global\":false,\"global_message\":\"Este campo es obligatorio\"}},\"names[middle_name]\":{\"required\":{\"value\":false,\"message\":\"This field is required\",\"global\":false,\"global_message\":\"Este campo es obligatorio\"}},\"names[last_name]\":{\"required\":{\"value\":true,\"message\":\"This field is required\",\"global\":false,\"global_message\":\"Este campo es obligatorio\"}},\"email\":{\"required\":{\"value\":true,\"message\":\"This field is required\",\"global\":false,\"global_message\":\"Este campo es obligatorio\"},\"email\":{\"value\":true,\"message\":\"This field must contain a valid email\",\"global\":false,\"global_message\":\"Este campo debe contener un correo electr\\u00f3nico v\\u00e1lido\"}},\"message\":{\"required\":{\"value\":true,\"message\":\"This field is required\",\"global\":false,\"global_message\":\"Este campo es obligatorio\"}}},\"debounce_time\":300};\n                            <\/script>\n            \n<\/div><\/div>\n","protected":false},"excerpt":{"rendered":"<p>El despacho presta asesoramiento fiscal continuado a empresas y particulares, analizando cada situaci\u00f3n desde una perspectiva t\u00e9cnica y estrat\u00e9gica, con [&hellip;]<\/p>\n","protected":false},"author":1,"featured_media":0,"parent":0,"menu_order":0,"comment_status":"closed","ping_status":"closed","template":"","meta":{"_uag_custom_page_level_css":"","site-sidebar-layout":"default","site-content-layout":"","ast-site-content-layout":"default","site-content-style":"default","site-sidebar-style":"default","ast-global-header-display":"","ast-banner-title-visibility":"","ast-main-header-display":"","ast-hfb-above-header-display":"","ast-hfb-below-header-display":"","ast-hfb-mobile-header-display":"","site-post-title":"disabled","ast-breadcrumbs-content":"","ast-featured-img":"","footer-sml-layout":"","ast-disable-related-posts":"","theme-transparent-header-meta":"","adv-header-id-meta":"","stick-header-meta":"","header-above-stick-meta":"","header-main-stick-meta":"","header-below-stick-meta":"","astra-migrate-meta-layouts":"default","ast-page-background-enabled":"default","ast-page-background-meta":{"desktop":{"background-color":"var(--ast-global-color-5)","background-image":"","background-repeat":"repeat","background-position":"center center","background-size":"auto","background-attachment":"scroll","background-type":"","background-media":"","overlay-type":"","overlay-color":"","overlay-opacity":"","overlay-gradient":""},"tablet":{"background-color":"","background-image":"","background-repeat":"repeat","background-position":"center center","background-size":"auto","background-attachment":"scroll","background-type":"","background-media":"","overlay-type":"","overlay-color":"","overlay-opacity":"","overlay-gradient":""},"mobile":{"background-color":"","background-image":"","background-repeat":"repeat","background-position":"center center","background-size":"auto","background-attachment":"scroll","background-type":"","background-media":"","overlay-type":"","overlay-color":"","overlay-opacity":"","overlay-gradient":""}},"ast-content-background-meta":{"desktop":{"background-color":"var(--ast-global-color-4)","background-image":"","background-repeat":"repeat","background-position":"center center","background-size":"auto","background-attachment":"scroll","background-type":"","background-media":"","overlay-type":"","overlay-color":"","overlay-opacity":"","overlay-gradient":""},"tablet":{"background-color":"var(--ast-global-color-4)","background-image":"","background-repeat":"repeat","background-position":"center center","background-size":"auto","background-attachment":"scroll","background-type":"","background-media":"","overlay-type":"","overlay-color":"","overlay-opacity":"","overlay-gradient":""},"mobile":{"background-color":"var(--ast-global-color-4)","background-image":"","background-repeat":"repeat","background-position":"center center","background-size":"auto","background-attachment":"scroll","background-type":"","background-media":"","overlay-type":"","overlay-color":"","overlay-opacity":"","overlay-gradient":""}},"footnotes":""},"class_list":["post-360","page","type-page","status-publish","hentry"],"uagb_featured_image_src":{"full":false,"thumbnail":false,"medium":false,"medium_large":false,"large":false,"1536x1536":false,"2048x2048":false},"uagb_author_info":{"display_name":"RafaelSevilla","author_link":"https:\/\/esfericapruebas.site\/index.php\/author\/rafaelsevilla\/"},"uagb_comment_info":0,"uagb_excerpt":"El despacho presta asesoramiento fiscal continuado a empresas y particulares, analizando cada situaci\u00f3n desde una perspectiva t\u00e9cnica y estrat\u00e9gica, con [&hellip;]","jetpack_sharing_enabled":true,"_links":{"self":[{"href":"https:\/\/esfericapruebas.site\/index.php\/wp-json\/wp\/v2\/pages\/360","targetHints":{"allow":["GET"]}}],"collection":[{"href":"https:\/\/esfericapruebas.site\/index.php\/wp-json\/wp\/v2\/pages"}],"about":[{"href":"https:\/\/esfericapruebas.site\/index.php\/wp-json\/wp\/v2\/types\/page"}],"author":[{"embeddable":true,"href":"https:\/\/esfericapruebas.site\/index.php\/wp-json\/wp\/v2\/users\/1"}],"replies":[{"embeddable":true,"href":"https:\/\/esfericapruebas.site\/index.php\/wp-json\/wp\/v2\/comments?post=360"}],"version-history":[{"count":9,"href":"https:\/\/esfericapruebas.site\/index.php\/wp-json\/wp\/v2\/pages\/360\/revisions"}],"predecessor-version":[{"id":449,"href":"https:\/\/esfericapruebas.site\/index.php\/wp-json\/wp\/v2\/pages\/360\/revisions\/449"}],"wp:attachment":[{"href":"https:\/\/esfericapruebas.site\/index.php\/wp-json\/wp\/v2\/media?parent=360"}],"curies":[{"name":"wp","href":"https:\/\/api.w.org\/{rel}","templated":true}]}}