{"id":472,"date":"2026-02-19T17:59:32","date_gmt":"2026-02-19T16:59:32","guid":{"rendered":"https:\/\/esfericapruebas.site\/?page_id=472"},"modified":"2026-02-19T18:04:29","modified_gmt":"2026-02-19T17:04:29","slug":"pagina-abogados","status":"publish","type":"page","link":"https:\/\/esfericapruebas.site\/index.php\/pagina-abogados\/","title":{"rendered":"P\u00e1gina abogados"},"content":{"rendered":"\n<div class=\"wp-block-cover alignfull\" style=\"box-shadow:var(--wp--preset--shadow--natural);min-height:321px;aspect-ratio:unset;\"><img loading=\"lazy\" decoding=\"async\" width=\"1080\" height=\"1080\" class=\"wp-block-cover__image-background wp-image-215 size-full\" alt=\"\" src=\"https:\/\/esfericapruebas.site\/wp-content\/uploads\/2026\/02\/3-2.png\" data-object-fit=\"cover\" srcset=\"https:\/\/esfericapruebas.site\/wp-content\/uploads\/2026\/02\/3-2.png 1080w, https:\/\/esfericapruebas.site\/wp-content\/uploads\/2026\/02\/3-2-300x300.png 300w, https:\/\/esfericapruebas.site\/wp-content\/uploads\/2026\/02\/3-2-1024x1024.png 1024w, https:\/\/esfericapruebas.site\/wp-content\/uploads\/2026\/02\/3-2-150x150.png 150w, https:\/\/esfericapruebas.site\/wp-content\/uploads\/2026\/02\/3-2-768x768.png 768w\" sizes=\"auto, (max-width: 1080px) 100vw, 1080px\" \/><span aria-hidden=\"true\" class=\"wp-block-cover__background has-ast-global-color-2-background-color has-background-dim-100 has-background-dim\"><\/span><div class=\"wp-block-cover__inner-container is-layout-constrained wp-block-cover-is-layout-constrained\">\n<hr class=\"wp-block-separator has-text-color has-alpha-channel-opacity has-background\" style=\"background-color:#ffffff00;color:#ffffff00\"\/>\n\n\n\n<p class=\"has-text-align-center has-ast-global-color-5-color has-text-color has-link-color wp-elements-208cca38ebbe9e223467d24280fe69d5\" style=\"font-size:27px\">Nombre del Abogado<\/p>\n<\/div><\/div>\n\n\n\n<div class=\"wp-block-cover alignfull\"><span aria-hidden=\"true\" class=\"wp-block-cover__background has-ast-global-color-5-background-color has-background-dim-100 has-background-dim\"><\/span><div class=\"wp-block-cover__inner-container is-layout-constrained wp-block-cover-is-layout-constrained\">\n<h4 class=\"wp-block-heading has-text-align-center has-ast-global-color-0-color has-text-color has-link-color wp-elements-d64a095862807b88653be6b401d7625c\" style=\"font-size:30px\">\u00abFrase con la que se identifique\u00bb<\/h4>\n\n\n\n<hr class=\"wp-block-separator has-text-color has-alpha-channel-opacity has-background\" style=\"background-color:#ededf200;color:#ededf200\"\/>\n\n\n\n<hr class=\"wp-block-separator has-text-color has-alpha-channel-opacity has-background\" style=\"background-color:#ffffff00;color:#ffffff00\"\/>\n\n\n\n<div class=\"wp-block-columns is-layout-flex wp-container-core-columns-is-layout-28f84493 wp-block-columns-is-layout-flex\">\n<div class=\"wp-block-column is-vertically-aligned-center is-layout-flow wp-block-column-is-layout-flow\">\n<figure class=\"wp-block-image alignleft size-large is-resized is-style-rounded\"><img loading=\"lazy\" decoding=\"async\" width=\"1024\" height=\"1024\" src=\"https:\/\/esfericapruebas.site\/wp-content\/uploads\/2026\/02\/1-1-1024x1024.png\" alt=\"\" class=\"wp-image-145\" style=\"width:397px;height:auto\" srcset=\"https:\/\/esfericapruebas.site\/wp-content\/uploads\/2026\/02\/1-1-1024x1024.png 1024w, https:\/\/esfericapruebas.site\/wp-content\/uploads\/2026\/02\/1-1-300x300.png 300w, https:\/\/esfericapruebas.site\/wp-content\/uploads\/2026\/02\/1-1-150x150.png 150w, https:\/\/esfericapruebas.site\/wp-content\/uploads\/2026\/02\/1-1-768x768.png 768w, https:\/\/esfericapruebas.site\/wp-content\/uploads\/2026\/02\/1-1.png 1080w\" sizes=\"auto, (max-width: 1024px) 100vw, 1024px\" \/><\/figure>\n<\/div>\n\n\n\n<div class=\"wp-block-column is-layout-flow wp-block-column-is-layout-flow\">\n<p class=\"has-ast-global-color-0-color has-text-color has-link-color wp-elements-93ac034703e537602f5f8b58137dfc0e\">Biograf\u00eda:&#8230;&#8230;&#8230;&#8230;&#8230;&#8230;&#8230;&#8230;&#8230;&#8230;&#8230;&#8230;&#8230;&#8230;<\/p>\n\n\n\n<p class=\"has-ast-global-color-0-color has-text-color has-link-color wp-elements-b5cede3422bf503192e2419603fdffc0\">(Nombre del abogado),  cuenta con s\u00f3lida formaci\u00f3n en Derecho y especializaci\u00f3n en asesoramiento jur\u00eddico empresarial, combinando experiencia en Derecho Mercantil e Inmobiliario con una pr\u00e1ctica constante en materias civiles de especial sensibilidad como familia y sucesiones.<\/p>\n\n\n\n<p class=\"has-ast-global-color-0-color has-text-color has-link-color wp-elements-73160b1499f86acd8ecd4283850eb989\">Su enfoque se basa en tres principios:<\/p>\n\n\n\n<ul class=\"wp-block-list has-ast-global-color-0-color has-text-color has-link-color wp-elements-d1bf8e0ab9010a54bd033432e2b34f1d\">\n<li>Rigor t\u00e9cnico en cada decisi\u00f3n jur\u00eddica<\/li>\n\n\n\n<li>Claridad en la comunicaci\u00f3n con el cliente<\/li>\n\n\n\n<li>B\u00fasqueda de soluciones eficaces, evitando litigios innecesarios cuando es posible<\/li>\n<\/ul>\n<\/div>\n<\/div>\n<\/div><\/div>\n","protected":false},"excerpt":{"rendered":"","protected":false},"author":1,"featured_media":0,"parent":0,"menu_order":0,"comment_status":"closed","ping_status":"closed","template":"","meta":{"_uag_custom_page_level_css":"","site-sidebar-layout":"default","site-content-layout":"","ast-site-content-layout":"default","site-content-style":"default","site-sidebar-style":"default","ast-global-header-display":"","ast-banner-title-visibility":"","ast-main-header-display":"","ast-hfb-above-header-display":"","ast-hfb-below-header-display":"","ast-hfb-mobile-header-display":"","site-post-title":"disabled","ast-breadcrumbs-content":"","ast-featured-img":"","footer-sml-layout":"","ast-disable-related-posts":"","theme-transparent-header-meta":"","adv-header-id-meta":"","stick-header-meta":"","header-above-stick-meta":"","header-main-stick-meta":"","header-below-stick-meta":"","astra-migrate-meta-layouts":"default","ast-page-background-enabled":"default","ast-page-background-meta":{"desktop":{"background-color":"var(--ast-global-color-5)","background-image":"","background-repeat":"repeat","background-position":"center center","background-size":"auto","background-attachment":"scroll","background-type":"","background-media":"","overlay-type":"","overlay-color":"","overlay-opacity":"","overlay-gradient":""},"tablet":{"background-color":"","background-image":"","background-repeat":"repeat","background-position":"center center","background-size":"auto","background-attachment":"scroll","background-type":"","background-media":"","overlay-type":"","overlay-color":"","overlay-opacity":"","overlay-gradient":""},"mobile":{"background-color":"","background-image":"","background-repeat":"repeat","background-position":"center center","background-size":"auto","background-attachment":"scroll","background-type":"","background-media":"","overlay-type":"","overlay-color":"","overlay-opacity":"","overlay-gradient":""}},"ast-content-background-meta":{"desktop":{"background-color":"var(--ast-global-color-4)","background-image":"","background-repeat":"repeat","background-position":"center center","background-size":"auto","background-attachment":"scroll","background-type":"","background-media":"","overlay-type":"","overlay-color":"","overlay-opacity":"","overlay-gradient":""},"tablet":{"background-color":"var(--ast-global-color-4)","background-image":"","background-repeat":"repeat","background-position":"center center","background-size":"auto","background-attachment":"scroll","background-type":"","background-media":"","overlay-type":"","overlay-color":"","overlay-opacity":"","overlay-gradient":""},"mobile":{"background-color":"var(--ast-global-color-4)","background-image":"","background-repeat":"repeat","background-position":"center center","background-size":"auto","background-attachment":"scroll","background-type":"","background-media":"","overlay-type":"","overlay-color":"","overlay-opacity":"","overlay-gradient":""}},"footnotes":""},"class_list":["post-472","page","type-page","status-publish","hentry"],"uagb_featured_image_src":{"full":false,"thumbnail":false,"medium":false,"medium_large":false,"large":false,"1536x1536":false,"2048x2048":false},"uagb_author_info":{"display_name":"RafaelSevilla","author_link":"https:\/\/esfericapruebas.site\/index.php\/author\/rafaelsevilla\/"},"uagb_comment_info":0,"uagb_excerpt":null,"jetpack_sharing_enabled":true,"_links":{"self":[{"href":"https:\/\/esfericapruebas.site\/index.php\/wp-json\/wp\/v2\/pages\/472","targetHints":{"allow":["GET"]}}],"collection":[{"href":"https:\/\/esfericapruebas.site\/index.php\/wp-json\/wp\/v2\/pages"}],"about":[{"href":"https:\/\/esfericapruebas.site\/index.php\/wp-json\/wp\/v2\/types\/page"}],"author":[{"embeddable":true,"href":"https:\/\/esfericapruebas.site\/index.php\/wp-json\/wp\/v2\/users\/1"}],"replies":[{"embeddable":true,"href":"https:\/\/esfericapruebas.site\/index.php\/wp-json\/wp\/v2\/comments?post=472"}],"version-history":[{"count":2,"href":"https:\/\/esfericapruebas.site\/index.php\/wp-json\/wp\/v2\/pages\/472\/revisions"}],"predecessor-version":[{"id":477,"href":"https:\/\/esfericapruebas.site\/index.php\/wp-json\/wp\/v2\/pages\/472\/revisions\/477"}],"wp:attachment":[{"href":"https:\/\/esfericapruebas.site\/index.php\/wp-json\/wp\/v2\/media?parent=472"}],"curies":[{"name":"wp","href":"https:\/\/api.w.org\/{rel}","templated":true}]}}