{"id":609,"date":"2026-03-27T23:07:02","date_gmt":"2026-03-27T22:07:02","guid":{"rendered":"https:\/\/esfericapruebas.site\/?page_id=609"},"modified":"2026-03-31T19:03:21","modified_gmt":"2026-03-31T17:03:21","slug":"swing-legal-foto-carlos","status":"publish","type":"page","link":"https:\/\/esfericapruebas.site\/","title":{"rendered":"Swing Legal"},"content":{"rendered":"\n<div class=\"wp-block-cover alignfull is-light\" style=\"box-shadow:var(--wp--preset--shadow--natural);min-height:100vh;aspect-ratio:unset;\"><img loading=\"lazy\" decoding=\"async\" width=\"1584\" height=\"672\" class=\"wp-block-cover__image-background wp-image-506 size-full\" alt=\"\" src=\"https:\/\/esfericapruebas.site\/wp-content\/uploads\/2026\/03\/Front-1.jpg-1.jpeg\" data-object-fit=\"cover\" srcset=\"https:\/\/esfericapruebas.site\/wp-content\/uploads\/2026\/03\/Front-1.jpg-1.jpeg 1584w, https:\/\/esfericapruebas.site\/wp-content\/uploads\/2026\/03\/Front-1.jpg-1-300x127.jpeg 300w, https:\/\/esfericapruebas.site\/wp-content\/uploads\/2026\/03\/Front-1.jpg-1-1024x434.jpeg 1024w, https:\/\/esfericapruebas.site\/wp-content\/uploads\/2026\/03\/Front-1.jpg-1-768x326.jpeg 768w, https:\/\/esfericapruebas.site\/wp-content\/uploads\/2026\/03\/Front-1.jpg-1-1536x652.jpeg 1536w\" sizes=\"auto, (max-width: 1584px) 100vw, 1584px\" \/><span aria-hidden=\"true\" class=\"wp-block-cover__background has-ast-global-color-5-background-color has-background-dim-0 has-background-dim\"><\/span><div class=\"wp-block-cover__inner-container is-layout-constrained wp-block-cover-is-layout-constrained\">\n<div class=\"wp-block-columns is-layout-flex wp-container-core-columns-is-layout-28f84493 wp-block-columns-is-layout-flex\">\n<div class=\"wp-block-column is-layout-flow wp-block-column-is-layout-flow\" style=\"flex-basis:66.66%\"><\/div>\n\n\n\n<div class=\"wp-block-column is-layout-flow wp-block-column-is-layout-flow\" style=\"flex-basis:33.33%\"><\/div>\n<\/div>\n<\/div><\/div>\n\n\n\n<div class=\"wp-block-cover alignfull\" style=\"box-shadow:var(--wp--preset--shadow--natural);min-height:114px;aspect-ratio:unset;\"><span aria-hidden=\"true\" class=\"wp-block-cover__background has-ast-global-color-0-background-color has-background-dim-100 has-background-dim\"><\/span><div class=\"wp-block-cover__inner-container is-layout-constrained wp-block-cover-is-layout-constrained\">\n<p class=\"has-text-align-center has-ast-global-color-1-color has-text-color has-link-color wp-elements-834271a9e357b256d91132df2e2a1f1c\" style=\"font-size:25px\">ASESORAMIENTO JUR\u00cdDICO DE ALTA PRECISI\u00d3N<\/p>\n\n\n\n<p class=\"has-text-align-center has-ast-global-color-1-color has-text-color has-link-color has-medium-font-size wp-elements-3a7e9dffef9be420f3643cf7a3f523fc\">\u201cObtener el mejor resultado con la intervenci\u00f3n justa y necesaria. Ofrecemos la estrategia y actuaci\u00f3n jur\u00eddica precisa orientada a objetivos, acompa\u00f1ando a nuestros clientes con la finalidad de obtener los resultados deseados bajo la premisa de la mayor eficiencia.\u201d<\/p>\n<\/div><\/div>\n\n\n\n<hr class=\"wp-block-separator has-text-color has-ast-global-color-4-color has-alpha-channel-opacity has-ast-global-color-4-background-color has-background\"\/>\n\n\n\n<p class=\"has-text-align-center has-text-color has-link-color wp-elements-c6b4539dd791d24827eda397f8c15cfc\" style=\"color:#14415c;margin-top:var(--wp--preset--spacing--20);margin-bottom:var(--wp--preset--spacing--20);font-size:38px\">Nuestros Servicios<\/p>\n\n\n\n<div class=\"golf-wrapper\">\n\n  <!-- Flechas -->\n  <div class=\"golf-arrow left\" onclick=\"scrollGolf(-1)\">\n    <span>\u2039<\/span>\n  <\/div>\n\n  <div class=\"golf-arrow right\" onclick=\"scrollGolf(1)\">\n    <span>\u203a<\/span>\n  <\/div>\n\n  <!-- Scroll -->\n  <div class=\"golf-services\" id=\"golfScroll\">\n\n    <div class=\"golf-track\">\n\n      <a href=\"https:\/\/esfericapruebas.site\/index.php\/derecho-mercantil\/\" class=\"golf-card\">\n        <img decoding=\"async\" src=\"https:\/\/esfericapruebas.site\/wp-content\/uploads\/2026\/03\/MERCANTIL-1.png\">\n      <\/a>\n\n      <a href=\"https:\/\/esfericapruebas.site\/index.php\/derecho-inmobiliario\/\" class=\"golf-card\">\n        <img decoding=\"async\" src=\"https:\/\/esfericapruebas.site\/wp-content\/uploads\/2026\/03\/INMOBILIARIO.png\">\n      <\/a>\n\n      <a href=\"https:\/\/esfericapruebas.site\/index.php\/derecho-civil\/\" class=\"golf-card\">\n        <img decoding=\"async\" src=\"https:\/\/esfericapruebas.site\/wp-content\/uploads\/2026\/03\/CIVIL-1.png\">\n      <\/a>\n\n      <a href=\"https:\/\/esfericapruebas.site\/index.php\/fiscalidad\/\" class=\"golf-card\">\n        <img decoding=\"async\" src=\"https:\/\/esfericapruebas.site\/wp-content\/uploads\/2026\/03\/FISCAL.png\">\n      <\/a>\n\n    <\/div>\n\n  <\/div>\n\n<\/div>\n\n\n\n<div class=\"wp-block-cover alignfull\"><span aria-hidden=\"true\" class=\"wp-block-cover__background has-ast-global-color-0-background-color has-background-dim-100 has-background-dim\"><\/span><div class=\"wp-block-cover__inner-container is-layout-constrained wp-block-cover-is-layout-constrained\">\n<h2 class=\"wp-block-heading has-text-align-center has-ast-global-color-1-color has-text-color has-link-color uag-hide-desktop uag-hide-tab uag-hide-mob wp-elements-35b14c08eb17d6d6daff5cafee6ae8d9\" style=\"font-size:38px\">Equipo<\/h2>\n\n\n\n<div class=\"wp-block-columns is-layout-flex wp-container-core-columns-is-layout-28f84493 wp-block-columns-is-layout-flex\">\n<div class=\"wp-block-column is-layout-flow wp-block-column-is-layout-flow\">\n<figure class=\"wp-block-image aligncenter size-large is-resized has-custom-border is-style-rounded\"><img loading=\"lazy\" decoding=\"async\" width=\"1024\" height=\"1024\" src=\"https:\/\/esfericapruebas.site\/wp-content\/uploads\/2026\/03\/MERCANTIL-2-1024x1024.png\" alt=\"\" class=\"has-border-color has-ast-global-color-1-border-color wp-image-681\" style=\"border-width:4px;width:240px;height:auto\" srcset=\"https:\/\/esfericapruebas.site\/wp-content\/uploads\/2026\/03\/MERCANTIL-2-1024x1024.png 1024w, https:\/\/esfericapruebas.site\/wp-content\/uploads\/2026\/03\/MERCANTIL-2-300x300.png 300w, https:\/\/esfericapruebas.site\/wp-content\/uploads\/2026\/03\/MERCANTIL-2-150x150.png 150w, https:\/\/esfericapruebas.site\/wp-content\/uploads\/2026\/03\/MERCANTIL-2-768x768.png 768w, https:\/\/esfericapruebas.site\/wp-content\/uploads\/2026\/03\/MERCANTIL-2.png 1080w\" sizes=\"auto, (max-width: 1024px) 100vw, 1024px\" \/><\/figure>\n\n\n\n<hr class=\"wp-block-separator has-text-color has-alpha-channel-opacity has-background\" style=\"background-color:#f2ede600;color:#f2ede600\"\/>\n\n\n\n<p class=\"has-text-align-center has-ast-global-color-1-color has-text-color has-link-color wp-elements-b7c4931461ec5922133c6bca94ceba85\" style=\"margin-top:-5px;margin-bottom:-5px;font-size:36px\">Carlos del Castillo<\/p>\n\n\n\n<p class=\"has-text-align-center has-ast-global-color-3-color has-text-color has-link-color wp-elements-8b10b7802aaaf76ea869e3dab8250184\" style=\"margin-top:-5px;margin-bottom:-5px;font-size:24px\">Director<\/p>\n\n\n\n<p class=\"has-text-align-center has-ast-global-color-3-color has-text-color has-link-color wp-elements-67753bd59e015809758e1512d084f816\" style=\"margin-top:-5px;margin-bottom:-5px;font-size:17px\">Derecho Mercantil, Inmobiliario y Civil<\/p>\n\n\n\n<ul class=\"wp-block-social-links aligncenter is-content-justification-center is-layout-flex wp-container-core-social-links-is-layout-a89b3969 wp-block-social-links-is-layout-flex\"><li class=\"wp-social-link wp-social-link-linkedin  wp-block-social-link\"><a href=\"https:\/\/www.linkedin.com\/in\/carlosalfonsodelcastillo\/\" class=\"wp-block-social-link-anchor\"><svg width=\"24\" height=\"24\" viewBox=\"0 0 24 24\" version=\"1.1\" xmlns=\"http:\/\/www.w3.org\/2000\/svg\" aria-hidden=\"true\" focusable=\"false\"><path d=\"M19.7,3H4.3C3.582,3,3,3.582,3,4.3v15.4C3,20.418,3.582,21,4.3,21h15.4c0.718,0,1.3-0.582,1.3-1.3V4.3 C21,3.582,20.418,3,19.7,3z M8.339,18.338H5.667v-8.59h2.672V18.338z M7.004,8.574c-0.857,0-1.549-0.694-1.549-1.548 c0-0.855,0.691-1.548,1.549-1.548c0.854,0,1.547,0.694,1.547,1.548C8.551,7.881,7.858,8.574,7.004,8.574z M18.339,18.338h-2.669 v-4.177c0-0.996-0.017-2.278-1.387-2.278c-1.389,0-1.601,1.086-1.601,2.206v4.249h-2.667v-8.59h2.559v1.174h0.037 c0.356-0.675,1.227-1.387,2.526-1.387c2.703,0,3.203,1.779,3.203,4.092V18.338z\"><\/path><\/svg><span class=\"wp-block-social-link-label screen-reader-text\">LinkedIn<\/span><\/a><\/li><\/ul>\n<\/div>\n<\/div>\n<\/div><\/div>\n\n\n\n<hr class=\"wp-block-separator has-text-color has-ast-global-color-4-color has-alpha-channel-opacity has-ast-global-color-4-background-color has-background\"\/>\n\n\n\n<div class=\"wp-block-cover\"><span aria-hidden=\"true\" class=\"wp-block-cover__background has-ast-global-color-4-background-color has-background-dim-100 has-background-dim\"><\/span><div class=\"wp-block-cover__inner-container is-layout-constrained wp-block-cover-is-layout-constrained\">\n<h2 class=\"wp-block-heading has-text-align-center has-ast-global-color-1-color has-text-color has-link-color wp-elements-160a057824a914a79e08fee19ccfa9b5\">Contacta con nosotros<\/h2>\n\n\n<style id=\"fluentform-block-custom-styles-1\">.fluentform.fluentform_wrapper_1.ff_guten_block.ff_guten_block-1 .ff-el-input--label label { color: #dddddd; }\n.fluentform.fluentform_wrapper_1.ff_guten_block.ff_guten_block-1 .ff_submit_btn_wrapper .ff-btn-submit { background-color: #14415c; }\n.fluentform.fluentform_wrapper_1.ff_guten_block.ff_guten_block-1 .ff-el-form-check label { font-size: 17px;; }\n<\/style><div class='fluentform ff-default fluentform_wrapper_1  ff_guten_block ff_guten_block-1 ffs_default_wrap'><form data-form_id=\"1\" id=\"fluentform_1\" class=\"frm-fluent-form fluent_form_1 ff-el-form-top ff_form_instance_1_1 ff-form-loading ffs_default\" data-form_instance=\"ff_form_instance_1_1\" method=\"POST\" ><fieldset  style=\"border: none!important;margin: 0!important;padding: 0!important;background-color: transparent!important;box-shadow: none!important;outline: none!important; min-inline-size: 100%;\">\n                    <legend class=\"ff_screen_reader_title\" style=\"display: block; margin: 0!important;padding: 0!important;height: 0!important;text-indent: -999999px;width: 0!important;overflow:hidden;\">Contact Form Demo<\/legend><input type='hidden' name='__fluent_form_embded_post_id' value='609' \/><input type=\"hidden\" id=\"_fluentform_1_fluentformnonce\" name=\"_fluentform_1_fluentformnonce\" value=\"f4cb774a52\" \/><input type=\"hidden\" name=\"_wp_http_referer\" value=\"\/index.php\/wp-json\/wp\/v2\/pages\/609\" \/><div data-type=\"name-element\" data-name=\"names\" class=\" ff-field_container ff-name-field-wrapper\" ><div class='ff-t-container'><div class='ff-t-cell '><div class='ff-el-group'><div class='ff-el-input--content'><input type=\"text\" name=\"names[first_name]\" id=\"ff_1_names_first_name_\" class=\"ff-el-form-control\" placeholder=\"Nombre\" aria-invalid=\"false\" aria-required=true><\/div><\/div><\/div><div class='ff-t-cell '><div class='ff-el-group'><div class='ff-el-input--content'><input type=\"text\" name=\"names[last_name]\" id=\"ff_1_names_last_name_\" class=\"ff-el-form-control\" placeholder=\"Apellido\" aria-invalid=\"false\" aria-required=true><\/div><\/div><\/div><\/div><\/div><div class='ff-el-group'><div class='ff-el-input--content'><input type=\"email\" name=\"email\" id=\"ff_1_email\" class=\"ff-el-form-control\" placeholder=\"Tu email\" data-name=\"email\"  aria-invalid=\"false\" aria-required=true><\/div><\/div><div class='ff-el-group'><div class='ff-el-input--content'><textarea aria-required=\"true\" aria-labelledby=\"label_ff_1_message\" name=\"message\" id=\"ff_1_message\" class=\"ff-el-form-control\" placeholder=\"Tu mensaje\" rows=\"4\" cols=\"2\" data-name=\"message\" ><\/textarea><\/div><\/div><div class='ff-el-group ff-text-left ff_submit_btn_wrapper'><button type=\"submit\" class=\"ff-btn ff-btn-submit ff-btn-md ff_btn_style wpf_has_custom_css\"  aria-label=\"Env\u00edar\">Env\u00edar<\/button><\/div><\/fieldset><\/form><div id='fluentform_1_errors' class='ff-errors-in-stack ff_form_instance_1_1 ff-form-loading_errors ff_form_instance_1_1_errors'><\/div><\/div>            <script type=\"text\/javascript\">\n                window.fluent_form_ff_form_instance_1_1 = {\"id\":\"1\",\"settings\":{\"layout\":{\"labelPlacement\":\"top\",\"helpMessagePlacement\":\"with_label\",\"errorMessagePlacement\":\"inline\",\"cssClassName\":\"\",\"asteriskPlacement\":\"asterisk-right\"},\"restrictions\":{\"denyEmptySubmission\":{\"enabled\":false}}},\"form_instance\":\"ff_form_instance_1_1\",\"form_id_selector\":\"fluentform_1\",\"rules\":{\"names[first_name]\":{\"required\":{\"value\":true,\"message\":\"This field is required\",\"global\":false,\"global_message\":\"Este campo es obligatorio\"}},\"names[middle_name]\":{\"required\":{\"value\":false,\"message\":\"This field is required\",\"global\":false,\"global_message\":\"Este campo es obligatorio\"}},\"names[last_name]\":{\"required\":{\"value\":true,\"message\":\"This field is required\",\"global\":false,\"global_message\":\"Este campo es obligatorio\"}},\"email\":{\"required\":{\"value\":true,\"message\":\"This field is required\",\"global\":false,\"global_message\":\"Este campo es obligatorio\"},\"email\":{\"value\":true,\"message\":\"This field must contain a valid email\",\"global\":false,\"global_message\":\"Este campo debe contener un correo electr\\u00f3nico v\\u00e1lido\"}},\"message\":{\"required\":{\"value\":true,\"message\":\"This field is required\",\"global\":false,\"global_message\":\"Este campo es obligatorio\"}}},\"debounce_time\":300};\n                            <\/script>\n            <\/div><\/div>\n\n\n\n<div class=\"wp-block-columns has-border-color has-ast-global-color-0-border-color is-layout-flex wp-container-core-columns-is-layout-adc17c16 wp-block-columns-is-layout-flex\" style=\"border-width:2px;margin-top:0;margin-bottom:0;padding-top:var(--wp--preset--spacing--50);padding-right:var(--wp--preset--spacing--50);padding-bottom:var(--wp--preset--spacing--50);padding-left:var(--wp--preset--spacing--50)\">\n<div class=\"wp-block-column is-vertically-aligned-center is-layout-flow wp-block-column-is-layout-flow\">\n<h3 class=\"wp-block-heading has-text-align-center\" style=\"font-size:30px\">Marbella<\/h3>\n\n\n\n<p class=\"has-text-align-center\">Direccion despacho<\/p>\n<\/div>\n\n\n\n<div class=\"wp-block-column is-layout-flow wp-block-column-is-layout-flow\">\t\t\t<div \n\t\t\tclass=\"wp-block-uagb-google-map uagb-google-map__wrap uagb-block-dc8ac1a8     \"\n\t\t\tstyle=\"\" >\n\t\t\t\t<embed\n\t\t\t\t\tclass=\"uagb-google-map__iframe\"\n\t\t\t\t\ttitle=\"Mapa de Google de\"\n\t\t\t\t\tsrc=\"https:\/\/maps.google.com\/maps?q=av%20ricardo%20soriano%2C%20marbella&#038;z=12&#038;hl=en&#038;t=m&#038;output=embed&#038;iwloc=near\"\n\t\t\t\t\twidth=\"640\"\n\t\t\t\t\theight=\"300\"\n\t\t\t\t\tloading=\"lazy\"\n\t\t\t\t><\/embed>\n\t\t\t<\/div>\n\t\t\t<\/div>\n<\/div>\n\n\n\n<hr class=\"wp-block-separator has-text-color has-ast-global-color-4-color has-alpha-channel-opacity has-ast-global-color-4-background-color has-background\"\/>\n\n\n\n<div class=\"wp-block-columns has-border-color has-ast-global-color-0-border-color is-layout-flex wp-container-core-columns-is-layout-adc17c16 wp-block-columns-is-layout-flex\" style=\"border-width:2px;margin-top:0;margin-bottom:0;padding-top:var(--wp--preset--spacing--50);padding-right:var(--wp--preset--spacing--50);padding-bottom:var(--wp--preset--spacing--50);padding-left:var(--wp--preset--spacing--50)\">\n<div class=\"wp-block-column is-vertically-aligned-center is-layout-flow wp-block-column-is-layout-flow\">\n<h3 class=\"wp-block-heading has-text-align-center\" style=\"font-size:30px\">M\u00e1laga<\/h3>\n\n\n\n<p class=\"has-text-align-center\">Direccion despacho<\/p>\n<\/div>\n\n\n\n<div class=\"wp-block-column is-layout-flow wp-block-column-is-layout-flow\">\t\t\t<div \n\t\t\tclass=\"wp-block-uagb-google-map uagb-google-map__wrap uagb-block-719c99db     \"\n\t\t\tstyle=\"\" >\n\t\t\t\t<embed\n\t\t\t\t\tclass=\"uagb-google-map__iframe\"\n\t\t\t\t\ttitle=\"Mapa de Google de\"\n\t\t\t\t\tsrc=\"https:\/\/maps.google.com\/maps?q=Serrano%2C%20madrid&#038;z=12&#038;hl=en&#038;t=m&#038;output=embed&#038;iwloc=near\"\n\t\t\t\t\twidth=\"640\"\n\t\t\t\t\theight=\"300\"\n\t\t\t\t\tloading=\"lazy\"\n\t\t\t\t><\/embed>\n\t\t\t<\/div>\n\t\t\t<\/div>\n<\/div>\n\n\n\n<hr class=\"wp-block-separator has-text-color has-ast-global-color-4-color has-alpha-channel-opacity has-ast-global-color-4-background-color has-background\"\/>\n\n\n\n<div class=\"wp-block-columns has-border-color has-ast-global-color-0-border-color is-layout-flex wp-container-core-columns-is-layout-adc17c16 wp-block-columns-is-layout-flex\" style=\"border-width:2px;margin-top:0;margin-bottom:0;padding-top:var(--wp--preset--spacing--50);padding-right:var(--wp--preset--spacing--50);padding-bottom:var(--wp--preset--spacing--50);padding-left:var(--wp--preset--spacing--50)\">\n<div class=\"wp-block-column is-vertically-aligned-center is-layout-flow wp-block-column-is-layout-flow\">\n<h3 class=\"wp-block-heading has-text-align-center\" style=\"font-size:30px\">C\u00f3rdoba<\/h3>\n\n\n\n<p class=\"has-text-align-center\">Direccion despacho<\/p>\n<\/div>\n\n\n\n<div class=\"wp-block-column is-layout-flow wp-block-column-is-layout-flow\">\t\t\t<div \n\t\t\tclass=\"wp-block-uagb-google-map uagb-google-map__wrap uagb-block-05c58609     \"\n\t\t\tstyle=\"\" >\n\t\t\t\t<embed\n\t\t\t\t\tclass=\"uagb-google-map__iframe\"\n\t\t\t\t\ttitle=\"Mapa de Google de\"\n\t\t\t\t\tsrc=\"https:\/\/maps.google.com\/maps?q=calle%20sta%20maria%20de%20gracia%20C%C3%B3rdoba&#038;z=12&#038;hl=en&#038;t=m&#038;output=embed&#038;iwloc=near\"\n\t\t\t\t\twidth=\"640\"\n\t\t\t\t\theight=\"300\"\n\t\t\t\t\tloading=\"lazy\"\n\t\t\t\t><\/embed>\n\t\t\t<\/div>\n\t\t\t<\/div>\n<\/div>\n\n\n\n<hr class=\"wp-block-separator has-text-color has-ast-global-color-4-color has-alpha-channel-opacity has-ast-global-color-4-background-color has-background\"\/>\n\n\n\n<p><\/p>\n","protected":false},"excerpt":{"rendered":"<p>Nuestros Servicios \u2039 \u203a Marbella Direccion despacho M\u00e1laga Direccion despacho C\u00f3rdoba Direccion despacho<\/p>\n","protected":false},"author":1,"featured_media":0,"parent":0,"menu_order":0,"comment_status":"closed","ping_status":"closed","template":"","meta":{"_uag_custom_page_level_css":"","site-sidebar-layout":"default","site-content-layout":"","ast-site-content-layout":"default","site-content-style":"default","site-sidebar-style":"default","ast-global-header-display":"","ast-banner-title-visibility":"","ast-main-header-display":"","ast-hfb-above-header-display":"","ast-hfb-below-header-display":"","ast-hfb-mobile-header-display":"","site-post-title":"disabled","ast-breadcrumbs-content":"","ast-featured-img":"","footer-sml-layout":"","ast-disable-related-posts":"","theme-transparent-header-meta":"","adv-header-id-meta":"","stick-header-meta":"","header-above-stick-meta":"","header-main-stick-meta":"","header-below-stick-meta":"","astra-migrate-meta-layouts":"default","ast-page-background-enabled":"default","ast-page-background-meta":{"desktop":{"background-color":"var(--ast-global-color-5)","background-image":"","background-repeat":"repeat","background-position":"center center","background-size":"auto","background-attachment":"scroll","background-type":"","background-media":"","overlay-type":"","overlay-color":"","overlay-opacity":"","overlay-gradient":""},"tablet":{"background-color":"","background-image":"","background-repeat":"repeat","background-position":"center center","background-size":"auto","background-attachment":"scroll","background-type":"","background-media":"","overlay-type":"","overlay-color":"","overlay-opacity":"","overlay-gradient":""},"mobile":{"background-color":"","background-image":"","background-repeat":"repeat","background-position":"center center","background-size":"auto","background-attachment":"scroll","background-type":"","background-media":"","overlay-type":"","overlay-color":"","overlay-opacity":"","overlay-gradient":""}},"ast-content-background-meta":{"desktop":{"background-color":"var(--ast-global-color-4)","background-image":"","background-repeat":"repeat","background-position":"center center","background-size":"auto","background-attachment":"scroll","background-type":"","background-media":"","overlay-type":"","overlay-color":"","overlay-opacity":"","overlay-gradient":""},"tablet":{"background-color":"var(--ast-global-color-4)","background-image":"","background-repeat":"repeat","background-position":"center center","background-size":"auto","background-attachment":"scroll","background-type":"","background-media":"","overlay-type":"","overlay-color":"","overlay-opacity":"","overlay-gradient":""},"mobile":{"background-color":"var(--ast-global-color-4)","background-image":"","background-repeat":"repeat","background-position":"center center","background-size":"auto","background-attachment":"scroll","background-type":"","background-media":"","overlay-type":"","overlay-color":"","overlay-opacity":"","overlay-gradient":""}},"footnotes":""},"class_list":["post-609","page","type-page","status-publish","hentry"],"uagb_featured_image_src":{"full":false,"thumbnail":false,"medium":false,"medium_large":false,"large":false,"1536x1536":false,"2048x2048":false},"uagb_author_info":{"display_name":"RafaelSevilla","author_link":"https:\/\/esfericapruebas.site\/index.php\/author\/rafaelsevilla\/"},"uagb_comment_info":0,"uagb_excerpt":"Nuestros Servicios \u2039 \u203a Marbella Direccion despacho M\u00e1laga Direccion despacho C\u00f3rdoba Direccion despacho","jetpack_sharing_enabled":true,"_links":{"self":[{"href":"https:\/\/esfericapruebas.site\/index.php\/wp-json\/wp\/v2\/pages\/609","targetHints":{"allow":["GET"]}}],"collection":[{"href":"https:\/\/esfericapruebas.site\/index.php\/wp-json\/wp\/v2\/pages"}],"about":[{"href":"https:\/\/esfericapruebas.site\/index.php\/wp-json\/wp\/v2\/types\/page"}],"author":[{"embeddable":true,"href":"https:\/\/esfericapruebas.site\/index.php\/wp-json\/wp\/v2\/users\/1"}],"replies":[{"embeddable":true,"href":"https:\/\/esfericapruebas.site\/index.php\/wp-json\/wp\/v2\/comments?post=609"}],"version-history":[{"count":46,"href":"https:\/\/esfericapruebas.site\/index.php\/wp-json\/wp\/v2\/pages\/609\/revisions"}],"predecessor-version":[{"id":697,"href":"https:\/\/esfericapruebas.site\/index.php\/wp-json\/wp\/v2\/pages\/609\/revisions\/697"}],"wp:attachment":[{"href":"https:\/\/esfericapruebas.site\/index.php\/wp-json\/wp\/v2\/media?parent=609"}],"curies":[{"name":"wp","href":"https:\/\/api.w.org\/{rel}","templated":true}]}}